{"id":491,"date":"2022-12-21T02:26:55","date_gmt":"2022-12-21T02:26:55","guid":{"rendered":"https:\/\/shtheme.com\/demosd\/tatee\/?page_id=491"},"modified":"2024-08-20T15:53:25","modified_gmt":"2024-08-20T12:53:25","slug":"om-altiplan","status":"publish","type":"page","link":"https:\/\/altiplan.no\/en\/om-altiplan\/","title":{"rendered":"About Altiplan"},"content":{"rendered":"<div data-elementor-type=\"wp-page\" data-elementor-id=\"491\" class=\"elementor elementor-491\">\n\t\t\t\t\t\t<section class=\"elementor-section elementor-top-section elementor-element elementor-element-81d9e9b elementor-section-boxed elementor-section-height-default elementor-section-height-default exad-glass-effect-no wpr-particle-no wpr-jarallax-no wpr-parallax-no wpr-sticky-section-no exad-sticky-section-no\" data-id=\"81d9e9b\" data-element_type=\"section\">\n\t\t\t\t\t\t<div class=\"elementor-container elementor-column-gap-no\">\n\t\t\t\t\t<div class=\"elementor-column elementor-col-100 elementor-top-column elementor-element elementor-element-aac3654 exad-glass-effect-no exad-sticky-section-no\" data-id=\"aac3654\" data-element_type=\"column\">\n\t\t\t<div class=\"elementor-widget-wrap\">\n\t\t\t\t\t\t\t<\/div>\n\t\t<\/div>\n\t\t\t\t\t<\/div>\n\t\t<\/section>\n\t\t<div class=\"elementor-element elementor-element-1064906 e-flex e-con-boxed wpr-particle-no wpr-jarallax-no wpr-parallax-no wpr-sticky-section-no e-con e-parent\" data-id=\"1064906\" data-element_type=\"container\">\n\t\t\t\t\t<div class=\"e-con-inner\">\n\t\t\t\t<div class=\"elementor-element elementor-element-4ddde20 exad-sticky-section-no exad-glass-effect-no elementor-widget elementor-widget-heading\" data-id=\"4ddde20\" data-element_type=\"widget\" data-widget_type=\"heading.default\">\n\t\t\t\t<div class=\"elementor-widget-container\">\n\t\t\t<style>\/*! elementor - v3.23.0 - 25-07-2024 *\/\n.elementor-heading-title{padding:0;margin:0;line-height:1}.elementor-widget-heading .elementor-heading-title[class*=elementor-size-]>a{color:inherit;font-size:inherit;line-height:inherit}.elementor-widget-heading .elementor-heading-title.elementor-size-small{font-size:15px}.elementor-widget-heading .elementor-heading-title.elementor-size-medium{font-size:19px}.elementor-widget-heading .elementor-heading-title.elementor-size-large{font-size:29px}.elementor-widget-heading .elementor-heading-title.elementor-size-xl{font-size:39px}.elementor-widget-heading .elementor-heading-title.elementor-size-xxl{font-size:59px}<\/style><h2 class=\"elementor-heading-title elementor-size-default\">ABOUT ALTIPLAN<\/h2>\t\t<\/div>\n\t\t\t\t<\/div>\n\t\t\t\t<div class=\"elementor-element elementor-element-0df4f72 exad-sticky-section-no exad-glass-effect-no elementor-widget elementor-widget-text-editor\" data-id=\"0df4f72\" data-element_type=\"widget\" data-widget_type=\"text-editor.default\">\n\t\t\t\t<div class=\"elementor-widget-container\">\n\t\t\t<style>\/*! elementor - v3.23.0 - 25-07-2024 *\/\n.elementor-widget-text-editor.elementor-drop-cap-view-stacked .elementor-drop-cap{background-color:#69727d;color:#fff}.elementor-widget-text-editor.elementor-drop-cap-view-framed .elementor-drop-cap{color:#69727d;border:3px solid;background-color:transparent}.elementor-widget-text-editor:not(.elementor-drop-cap-view-default) .elementor-drop-cap{margin-top:8px}.elementor-widget-text-editor:not(.elementor-drop-cap-view-default) .elementor-drop-cap-letter{width:1em;height:1em}.elementor-widget-text-editor .elementor-drop-cap{float:left;text-align:center;line-height:1;font-size:50px}.elementor-widget-text-editor .elementor-drop-cap-letter{display:inline-block}<\/style>\t\t\t\t<p>Established in 2015 by architect Alberto Juarez Lucio, Altiplan is a consulting company that offers multidisciplinary services in architecture, zoning plans, landscape architecture and interior design. We combine creativity with technical expertise to create solutions that meet both aesthetic and functional requirements, adapted to the environment and the customer's needs.<\/p>\n<br>\n<p>Our goal is to develop both large and small construction projects with a focus on quality and sustainability. We work closely with our customers to create buildings that promote positive social and local development, and that offer a good user experience. We are committed to seeing opportunities, breaking boundaries and contributing to society's growth through our architecture.<\/p><br>\n\n<p>With broad expertise and experience in planning and design, we take on a varied range of tasks from overall planning to detailed design. Altiplan is dedicated to delivering sustainable solutions that realize the customer's visions and improve the quality of society.<\/p><br>\n\n<p>With an extensive background in the industry, Alberto brings significant experience to our team. From 2008 to 2012, he worked at Ramb\u00f8ll Norge AS in Bergen, where he contributed to projects in all phases for both private and public clients in a leading interdisciplinary environment. Alberto continued his career at Artec Team AS, where in 2012 he participated in several business projects and won two architectural competitions. In 2013, he joined Block Watne AS, a well-reputed housing developer in Norway, and developed housing in approximately 10 municipalities over a year. At Altiplan, we look forward to benefiting from his extensive experience and contributing to innovative and sustainable solutions in our projects.<\/p><br>\n\n<strong>Altiplan's partners<\/strong><br>\nAltiplan offers complete services within the design of buildings and zoning plans. With the support of our experienced subcontractors and partners, we cover a wide range of subject areas, including geoengineering, construction safety, fire consultancy, electrical, ventilation, sanitation, water and drainage, building physics, acoustics, stormwater management and automation. This enables us to deliver comprehensive solutions that meet all the requirements and needs of your projects.\t\t\t\t\t\t<\/div>\n\t\t\t\t<\/div>\n\t\t\t\t\t<\/div>\n\t\t\t\t<\/div>\n\t\t\t\t<\/div>","protected":false},"excerpt":{"rendered":"<p>OM ALTIPLAN Etablert i 2015 av arkitekt Alberto Juarez Lucio, er Altiplan et r\u00e5dgivningsselskap som tilbyr tverrfaglige tjenester innen arkitektur, reguleringsplaner, landskapsarkitektur og interi\u00f8rdesign. Vi kombinerer kreativitet med teknisk ekspertise for \u00e5 skape l\u00f8sninger som m\u00f8ter b\u00e5de estetiske og funksjonelle krav, tilpasset omgivelsene og kundens behov. V\u00e5rt m\u00e5l er \u00e5 utvikle b\u00e5de store og sm\u00e5 byggeprosjekter med fokus p\u00e5 kvalitet og b\u00e6rekraft. Vi arbeider tett med v\u00e5re kunder for \u00e5 skape bygg som fremmer positiv samfunns- og stedsutvikling, og som tilbyr en god brukeropplevelse. Vi er engasjerte i \u00e5 se muligheter, sprenge grenser og bidra til samfunnets vekst gjennom v\u00e5r arkitektur. Med bred kompetanse og erfaring i planlegging og prosjektering, tar vi p\u00e5 oss et variert spekter av oppgaver fra overordnet planlegging til detaljprosjektering. Altiplan er dedikert til \u00e5 levere b\u00e6rekraftige l\u00f8sninger som realiserer kundens visjoner og forbedrer samfunnskvaliteten. Med en omfattende bakgrunn fra bransjen, bringer Alberto betydelig erfaring til v\u00e5rt team. Fra 2008 til 2012 jobbet han hos Ramb\u00f8ll Norge AS i Bergen, hvor han bidro til prosjekter i alle faser for b\u00e5de private og offentlige oppdragsgivere i et ledende tverrfaglig milj\u00f8. Alberto fortsatte sin karriere hos Artec Team AS, hvor han i 2012 deltok i flere n\u00e6ringsprosjekter og vant to arkitektkonkurranser. I 2013 ble han med Block Watne AS, en velrenommert boligutvikler i Norge, og utviklet boliger i cirka 10 kommuner over et \u00e5r. Hos Altiplan ser vi frem til \u00e5 dra nytte av hans omfattende erfaring og bidra til innovative og b\u00e6rekraftige l\u00f8sninger i v\u00e5re prosjekter. Altiplans samarbeidspartnere Altiplan tilbyr komplette tjenester innen prosjektering av bygg og reguleringsplaner. Med st\u00f8tte fra v\u00e5re erfarne underleverand\u00f8rer og samarbeidspartnere, dekker vi et bredt spekter av fagomr\u00e5der, inkludert geoteknikk, konstruksjonsikkerhet, brannr\u00e5dgivning, elektro, ventilasjon, sanit\u00e6r, vann- og avl\u00f8p, bygningsfysikk, akustikk, overvannsh\u00e5ndtering og automatisering. Dette gj\u00f8r oss i stand til \u00e5 levere helhetlige l\u00f8sninger som m\u00f8ter alle krav og behov i dine prosjekter.<\/p>","protected":false},"author":1,"featured_media":0,"parent":0,"menu_order":0,"comment_status":"closed","ping_status":"closed","template":"page-templates\/home.php","meta":{"footnotes":""},"class_list":["post-491","page","type-page","status-publish","hentry"],"_links":{"self":[{"href":"https:\/\/altiplan.no\/en\/wp-json\/wp\/v2\/pages\/491","targetHints":{"allow":["GET"]}}],"collection":[{"href":"https:\/\/altiplan.no\/en\/wp-json\/wp\/v2\/pages"}],"about":[{"href":"https:\/\/altiplan.no\/en\/wp-json\/wp\/v2\/types\/page"}],"author":[{"embeddable":true,"href":"https:\/\/altiplan.no\/en\/wp-json\/wp\/v2\/users\/1"}],"replies":[{"embeddable":true,"href":"https:\/\/altiplan.no\/en\/wp-json\/wp\/v2\/comments?post=491"}],"version-history":[{"count":15,"href":"https:\/\/altiplan.no\/en\/wp-json\/wp\/v2\/pages\/491\/revisions"}],"predecessor-version":[{"id":2103,"href":"https:\/\/altiplan.no\/en\/wp-json\/wp\/v2\/pages\/491\/revisions\/2103"}],"wp:attachment":[{"href":"https:\/\/altiplan.no\/en\/wp-json\/wp\/v2\/media?parent=491"}],"curies":[{"name":"wp","href":"https:\/\/api.w.org\/{rel}","templated":true}]}}